{"id":5206,"date":"2022-07-16T12:14:40","date_gmt":"2022-07-16T10:14:40","guid":{"rendered":"https:\/\/www.vv-vikings.de\/?post_type=product&#038;p=5206"},"modified":"2022-07-16T12:27:54","modified_gmt":"2022-07-16T10:27:54","slug":"reservierung-liegestuhl-mit-armlehnen-und-getraenkehalter","status":"publish","type":"product","link":"https:\/\/www.vv-vikings.de\/?product=reservierung-liegestuhl-mit-armlehnen-und-getraenkehalter","title":{"rendered":"Reservierung Liegestuhl mit Armlehnen und Getr\u00e4nkehalter"},"content":{"rendered":"<div class=\"product-specs\">\n<p>Die Neuheit unter den Holzliegest\u00fchlen mit Vikings und VVV Motiv \/ Logo f\u00fcr euch zu Hause!<strong><br \/>\nDieser Liegestuhl hat einen praktischen Getr\u00e4nkehalter in der rechten Armlehne integriert und erm\u00f6glicht das bequeme Genie\u00dfen Ihres Lieblingsgetr\u00e4nkes.<\/strong>\u00a0Die Wechselarretierung des Strand-Liegestuhls erm\u00f6glicht einen praktischen Austausch sowie Reinigung des Polyester-Sitzbezuges. Dank seiner dreifach-verstellbaren R\u00fcckenlehne inklusive Kunststoff-Sicherungsb\u00fcgel (EN 71-3, europ\u00e4ische Sicherheitsnorm) aus europ\u00e4ischer Qualit\u00e4tsproduktion, sorgt dieser Klappstuhl aus Holz f\u00fcr pures Relaxen und leichte Handhabung.<\/p>\n<div class=\"product-specs\">\n<p>Das Gestell des Holz-Liegestuhls besteht aus naturbelassenem Buchenholz aus nachhaltiger, umweltvertr\u00e4glicher Forstwirtschaft und die Liegefl\u00e4che wird mit einem strapazierf\u00e4higen Stoffbezug aus 100 % Polyester (ISO zertifiziert) bezogen.<br \/>\nDieser Strandliegestuhl eignet sich hervorragend zum Relaxen f\u00fcr Daheim, den Urlaubs-Strand, den Citybeach um die Ecke.<\/p>\n<\/div>\n<\/div>\n<div class=\"collateral-box attribute-specs\">\n<table id=\"product-attribute-specs-table\" class=\"data-table product-attributes-table\" cellspacing=\"0\">\n<tbody>\n<tr class=\"first odd\">\n<td class=\"label\"><span style=\"color: #000000;\">Aufdruck<\/span><\/td>\n<td class=\"data last\"><span style=\"color: #000000;\">VVV + Vikings-Logo und Webadresse<\/span><\/td>\n<\/tr>\n<tr class=\"even\">\n<td class=\"label\"><span style=\"color: #000000;\">Farbe<\/span><\/td>\n<td class=\"data last\"><span style=\"color: #000000;\">wei\u00df<\/span><\/td>\n<\/tr>\n<tr class=\"odd\">\n<td class=\"label\"><span style=\"color: #000000;\">Gestellfarbe<\/span><\/td>\n<td class=\"data last\"><span style=\"color: #000000;\">hell<\/span><\/td>\n<\/tr>\n<tr class=\"even\">\n<td class=\"label\"><span style=\"color: #000000;\">Abmessungen<\/span><\/td>\n<td class=\"data last\"><span style=\"color: #000000;\">1380 x 590 mm<\/span><\/td>\n<\/tr>\n<tr class=\"odd\">\n<td class=\"label\"><span style=\"color: #000000;\">Material<\/span><\/td>\n<td class=\"data last\"><span style=\"color: #000000;\">Buchenholz natur \/ Stoffbezug 100 % Polyester (ISO zertifiziert)<\/span><\/td>\n<\/tr>\n<tr class=\"even\">\n<td class=\"label\"><span style=\"color: #000000;\">Gewicht<\/span><\/td>\n<td class=\"data last\"><span style=\"color: #000000;\">4,5 kg<\/span><\/td>\n<\/tr>\n<\/tbody>\n<\/table>\n<\/div>\n<p>&nbsp;<\/p>\n<p><strong>Die Liegest\u00fchle sind nicht vorr\u00e4tig und werden geb\u00fcndelt am Ende der Sommerferien gesammelt bestellt. Der Preis richtet sich nach der Menge und liegt zwischen 65 und 75 Euro pro St\u00fcck.<\/strong><\/p>\n","protected":false},"excerpt":{"rendered":"Unser beliebter Liegestuhl (mit Armlehnen und Getr\u00e4nkehalter) f\u00fcr euch zu Hause.","protected":false},"featured_media":5207,"template":"","meta":[],"product_brand":[],"product_cat":[186],"product_tag":[220],"class_list":{"0":"post-5206","1":"product","2":"type-product","3":"status-publish","4":"has-post-thumbnail","6":"product_cat-fanartikel","7":"product_tag-liegestuhl","8":"pa_farbe-weiss","10":"first","11":"onbackorder","12":"shipping-taxable","13":"purchasable","14":"product-type-simple"},"_links":{"self":[{"href":"https:\/\/www.vv-vikings.de\/index.php?rest_route=\/wp\/v2\/product\/5206","targetHints":{"allow":["GET"]}}],"collection":[{"href":"https:\/\/www.vv-vikings.de\/index.php?rest_route=\/wp\/v2\/product"}],"about":[{"href":"https:\/\/www.vv-vikings.de\/index.php?rest_route=\/wp\/v2\/types\/product"}],"wp:featuredmedia":[{"embeddable":true,"href":"https:\/\/www.vv-vikings.de\/index.php?rest_route=\/wp\/v2\/media\/5207"}],"wp:attachment":[{"href":"https:\/\/www.vv-vikings.de\/index.php?rest_route=%2Fwp%2Fv2%2Fmedia&parent=5206"}],"wp:term":[{"taxonomy":"product_brand","embeddable":true,"href":"https:\/\/www.vv-vikings.de\/index.php?rest_route=%2Fwp%2Fv2%2Fproduct_brand&post=5206"},{"taxonomy":"product_cat","embeddable":true,"href":"https:\/\/www.vv-vikings.de\/index.php?rest_route=%2Fwp%2Fv2%2Fproduct_cat&post=5206"},{"taxonomy":"product_tag","embeddable":true,"href":"https:\/\/www.vv-vikings.de\/index.php?rest_route=%2Fwp%2Fv2%2Fproduct_tag&post=5206"}],"curies":[{"name":"wp","href":"https:\/\/api.w.org\/{rel}","templated":true}]}}