{"id":7235,"date":"2025-05-02T21:42:31","date_gmt":"2025-05-02T19:42:31","guid":{"rendered":"https:\/\/www.vv-vikings.de\/?page_id=7235"},"modified":"2025-09-24T23:41:47","modified_gmt":"2025-09-24T21:41:47","slug":"volleyballturnier","status":"publish","type":"page","link":"https:\/\/www.vv-vikings.de\/?page_id=7235","title":{"rendered":"MTV-Volleyballturnier"},"content":{"rendered":"\n<h2 class=\"wp-block-heading has-text-align-center has-large-font-size\">MTV Vechelde von 1893 e.V.<\/h2>\n\n\n\n<h2 class=\"wp-block-heading has-text-align-center has-x-large-font-size\">47.&nbsp;Volleyballturnier<br>des&nbsp;MTV&nbsp;Vechelde<\/h2>\n\n\n\n<p class=\"has-text-align-center\">Es ist wieder so weit. Mit Spannung wird das traditionelle Saisonvorbereitungsturnier des MTV Vechelde erwartet. Bereits zum 47. Mal findet das gr\u00f6\u00dfte Volleyballturnier im Raum Braunschweig statt, das nicht nur Peiner Mannschaften als Vorbereitung auf die einen Monat sp\u00e4ter beginnende Saison nutzen<\/p>\n\n\n\n<p class=\"has-text-align-center has-cyan-bluish-gray-background-color has-background has-medium-font-size\"><strong>Insgesamt werden an den beiden Wochenenden&nbsp;<mark style=\"background-color:rgba(0, 0, 0, 0)\" class=\"has-inline-color has-vivid-red-color\">64<\/mark>&nbsp;Teams aus ganz Deutschland teilnehmen!<\/strong><\/p>\n\n\n<div class=\"wp-block-image is-style-default\">\n<figure class=\"aligncenter size-full is-resized\"><img decoding=\"async\" src=\"https:\/\/www.vv-vikings.de\/wp-content\/uploads\/2025\/09\/TurnierLogo2026.jpg\" alt=\"\" class=\"wp-image-7233\" style=\"width:500px\"\/><\/figure>\n<\/div>\n\n\n<p>&nbsp;<\/p>\n\n\n\n<p>Am&nbsp;<strong>15.\/16. August 2026<\/strong><br>f\u00fcr Damenmannschaften von&nbsp;<strong>Kreisliga bis Bezirksliga<\/strong>&nbsp;und<br>f\u00fcr Herrenmannschaften von&nbsp;<strong>Kreisliga bis Landesliga<\/strong><br><em>(untere Leistungsklasse<\/em>),<\/p>\n\n\n\n<p class=\"has-text-align-right\">am&nbsp;<strong>22.\/23. August 2026<\/strong><br>f\u00fcr Damenmannschaften von&nbsp;<strong>Landesliga bis Regionalliga<\/strong>&nbsp;und&nbsp;<br>f\u00fcr Herrenmannschaften von&nbsp;<strong>Verbandsliga bis Dritte Liga<\/strong><br><em>(obere Leistungsklasse<\/em>).<\/p>\n\n\n\n<h2 class=\"wp-block-heading\">&nbsp;<\/h2>\n\n\n\n<p class=\"has-text-align-center\">Seid auch ihr mit dabei!<\/p>\n\n\n\n<hr class=\"wp-block-separator has-alpha-channel-opacity\"\/>\n\n\n\n<h2 class=\"wp-block-heading has-text-align-center\">Unser Volleyballh\u00e4ndler vor Ort<\/h2>\n\n\n<div class=\"wp-block-image\">\n<figure class=\"aligncenter size-full is-resized\"><img loading=\"lazy\" decoding=\"async\" width=\"480\" height=\"339\" src=\"https:\/\/www.vv-vikings.de\/wp-content\/uploads\/2025\/05\/VolleyballversandHassmann_480x339qlShvbjS1746216191.jpg\" alt=\"\" class=\"wp-image-7250\" style=\"width:350px\" srcset=\"https:\/\/www.vv-vikings.de\/wp-content\/uploads\/2025\/05\/VolleyballversandHassmann_480x339qlShvbjS1746216191.jpg 480w, https:\/\/www.vv-vikings.de\/wp-content\/uploads\/2025\/05\/VolleyballversandHassmann_480x339qlShvbjS1746216191-300x212.jpg 300w, https:\/\/www.vv-vikings.de\/wp-content\/uploads\/2025\/05\/VolleyballversandHassmann_480x339qlShvbjS1746216191-128x90.jpg 128w, https:\/\/www.vv-vikings.de\/wp-content\/uploads\/2025\/05\/VolleyballversandHassmann_480x339qlShvbjS1746216191-32x23.jpg 32w\" sizes=\"auto, (max-width: 480px) 100vw, 480px\" \/><\/figure>\n<\/div>\n\n\n<p>&nbsp;<\/p>\n\n\n\n<p class=\"has-text-align-center\">Klaus Ha\u00dfmann wird eine gro\u00dfe Auswahl an <br>Turnschuhen der Marke Mizuno sowie Sportbekleidung&nbsp;und Fun-Shirts anbieten.<br>Vorbestellungen m\u00f6glich, aktuelle Preise abweichend!<\/p>\n\n\n\n<p>&nbsp;<\/p>\n\n\n<div class=\"wp-block-image\">\n<figure class=\"aligncenter size-large is-resized\"><img loading=\"lazy\" decoding=\"async\" width=\"1024\" height=\"720\" src=\"https:\/\/www.vv-vikings.de\/wp-content\/uploads\/2025\/05\/TurnierwerbungHassmann0ik0ku2p1746216258-1024x720.jpg\" alt=\"\" class=\"wp-image-7251\" style=\"width:600px\" srcset=\"https:\/\/www.vv-vikings.de\/wp-content\/uploads\/2025\/05\/TurnierwerbungHassmann0ik0ku2p1746216258-1024x720.jpg 1024w, https:\/\/www.vv-vikings.de\/wp-content\/uploads\/2025\/05\/TurnierwerbungHassmann0ik0ku2p1746216258-300x211.jpg 300w, https:\/\/www.vv-vikings.de\/wp-content\/uploads\/2025\/05\/TurnierwerbungHassmann0ik0ku2p1746216258-768x540.jpg 768w, https:\/\/www.vv-vikings.de\/wp-content\/uploads\/2025\/05\/TurnierwerbungHassmann0ik0ku2p1746216258-128x90.jpg 128w, https:\/\/www.vv-vikings.de\/wp-content\/uploads\/2025\/05\/TurnierwerbungHassmann0ik0ku2p1746216258-32x22.jpg 32w, https:\/\/www.vv-vikings.de\/wp-content\/uploads\/2025\/05\/TurnierwerbungHassmann0ik0ku2p1746216258-720x506.jpg 720w, https:\/\/www.vv-vikings.de\/wp-content\/uploads\/2025\/05\/TurnierwerbungHassmann0ik0ku2p1746216258-600x422.jpg 600w, https:\/\/www.vv-vikings.de\/wp-content\/uploads\/2025\/05\/TurnierwerbungHassmann0ik0ku2p1746216258.jpg 1104w\" sizes=\"auto, (max-width: 1024px) 100vw, 1024px\" \/><\/figure>\n<\/div>\n\n\n<hr class=\"wp-block-separator has-alpha-channel-opacity\"\/>\n\n\n\n<h2 class=\"wp-block-heading has-text-align-center\">Wir werden unterst\u00fctzt durch die Volleyball VIPs Vallstedt Vechelde<\/h2>\n\n\n<div class=\"wp-block-image\">\n<figure class=\"aligncenter size-large is-resized\"><img loading=\"lazy\" decoding=\"async\" width=\"1024\" height=\"574\" src=\"https:\/\/www.vv-vikings.de\/wp-content\/uploads\/2019\/09\/Eigenwerbung_VVV_f\u00fcr_VIKINGS-1024x574.jpg\" alt=\"\" class=\"wp-image-3272\" style=\"width:450px\"\/><\/figure>\n<\/div>\n\n\n<p>&nbsp;<\/p>\n\n\n\n<p class=\"has-text-align-center\">Werden Sie ein VIP mit einem monatlichen Beitrag ab 5 \u20ac.<br>Wir freuen uns auch \u00fcber einmalige Spenden oder den Abschluss neuer\/weiterer Sponsorenvertr\u00e4ge.<\/p>\n\n\n\n<p class=\"has-text-align-center\">Die VIPs unterst\u00fctzen die VV Vikings aber nicht &#8220;nur&#8221; finanziell und materiell, sondern auch durch pers\u00f6nliche Leitungen bei Arbeitsein\u00e4tzen an unseren Beachvolleyballanlagen, dem Beachclub oder bei unseren vielen Veranstaltungen.<\/p>\n\n\n\n<p class=\"has-text-align-center\">Vielen Dank hierf\u00fcr&#8230;!!!<\/p>\n\n\n\n<hr class=\"wp-block-separator has-alpha-channel-opacity\"\/>\n\n\n\n<h2 class=\"wp-block-heading has-text-align-center\">Stellenangebote<\/h2>\n\n\n\n<p>Wir suchen&nbsp;ab sofort und h\u00f6chst dringend:<\/p>\n\n\n\n<p><strong>&#8211; B-Schiedsrichter*in Volleyball f\u00fcr Eins\u00e4tze in der Regionalliga,<br>&#8211; FSJ&#8217;ler*in 2026\/27 f\u00fcr mobiles FSJ im Sport (Abteilung Volleyball),<br>&#8211; Volleyballtrainer*in f\u00fcr 3. Herren (Landesliga),<br>&#8211; Volleyballtrainer*in f\u00fcr 3. Damen (Bezirksklasse) und<br>&#8211; Volleyballtrainer*in f\u00fcr Jugendliche.<\/strong><\/p>\n\n\n\n<p class=\"has-text-align-center\">Trainerlizenz ist w\u00fcnschenswert aber nicht erforderlich.<br>Wir unterst\u00fctzen gerne beim Erlangen einer Lizenz!<\/p>\n","protected":false},"excerpt":{"rendered":"MTV Vechelde von 1893 e.V. 47.&nbsp;Volleyballturnierdes&nbsp;MTV&nbsp;Vechelde Es ist wieder so weit. Mit Spannung [&hellip;]","protected":false},"author":1,"featured_media":0,"parent":0,"menu_order":0,"comment_status":"closed","ping_status":"closed","template":"template-with-sidebar.php","meta":{"_mc_calendar":[],"footnotes":""},"class_list":["post-7235","page","type-page","status-publish","hentry"],"_links":{"self":[{"href":"https:\/\/www.vv-vikings.de\/index.php?rest_route=\/wp\/v2\/pages\/7235","targetHints":{"allow":["GET"]}}],"collection":[{"href":"https:\/\/www.vv-vikings.de\/index.php?rest_route=\/wp\/v2\/pages"}],"about":[{"href":"https:\/\/www.vv-vikings.de\/index.php?rest_route=\/wp\/v2\/types\/page"}],"author":[{"embeddable":true,"href":"https:\/\/www.vv-vikings.de\/index.php?rest_route=\/wp\/v2\/users\/1"}],"replies":[{"embeddable":true,"href":"https:\/\/www.vv-vikings.de\/index.php?rest_route=%2Fwp%2Fv2%2Fcomments&post=7235"}],"version-history":[{"count":36,"href":"https:\/\/www.vv-vikings.de\/index.php?rest_route=\/wp\/v2\/pages\/7235\/revisions"}],"predecessor-version":[{"id":7806,"href":"https:\/\/www.vv-vikings.de\/index.php?rest_route=\/wp\/v2\/pages\/7235\/revisions\/7806"}],"wp:attachment":[{"href":"https:\/\/www.vv-vikings.de\/index.php?rest_route=%2Fwp%2Fv2%2Fmedia&parent=7235"}],"curies":[{"name":"wp","href":"https:\/\/api.w.org\/{rel}","templated":true}]}}