{"id":69,"date":"2019-04-20T21:31:29","date_gmt":"2019-04-20T21:31:29","guid":{"rendered":"http:\/\/vv-vikings.mtv-vechelde.de\/?page_id=69"},"modified":"2021-03-24T01:02:50","modified_gmt":"2021-03-24T00:02:50","slug":"weitere-mitspieler-innen-gesucht-werde-auch-du-zum-wikinger","status":"publish","type":"page","link":"https:\/\/www.vv-vikings.de\/","title":{"rendered":"Startseite"},"content":{"rendered":"\n<h2 class=\"wp-block-heading\">Weitere Mitspieler\/-innen gesucht. &#8211; Werde auch du zum Wikinger !!!<\/h2>\n\n\n\n<p>Wir planen in der kommenden Saison 2019\/20 mit bis zu 7 Teams von Kreisliga bis Regionalliga zu starten.<br>Hierf\u00fcr suchen wir noch weitere Spieler und Spielerinnen. Wer Interesse hat, kann sich gerne bei uns\/unseren Teams melden (m\u00f6glichst vor Meldeschlu\u00df am 31.5.2019)! <\/p>\n\n\n\n<h2 class=\"wp-block-heading\">Kooperation zwischen den Volleyballabteilungen von GW Vallstedt und dem MTV Vechelde wird ausgeweitet! <\/h2>\n\n\n\n<p>Bereits seit 8 Jahren betreiben wir unter den Volleyballabteilungen der Vereine SV Gr\u00fcn-Wei\u00df Vallstedt und MTV Vechelde eine erfolgreiche Spielgemeinschaft im Bereich des Damenspielbetriebs und in Teilen im Jugendbereich. Ab der kommenden Saison wird diese Spielgemeinschaft auf den gesamten Spielbetrieb (Damen, Herren, Jugend, Hobby) ausgeweitet, das hat die Abstimmung in beiden Abteilungen einstimmig ergeben. Wir erhoffen uns von der Erweiterung der Kooperation Verbesserungen f\u00fcr alle Mannschaften und streben eine Positionierung als St\u00fctzpunkt und Leistungszentrum in der Volleyballregion zwischen Hannover, Braunschweig und Salzgitter an.<\/p>\n\n\n\n<p>Neben der Schaffung von Synergieeffekten im Bereich der Kosten f\u00fcr den Spielbetrieb, der Nutzung der uns zur Verf\u00fcgung stehenden Hallenzeiten und Beachvolleyballfelder in Vallstedt und Vechelde sowie des Sponsorings erhoffen wir uns auch eine deutliche Intensivierung unserer Jugendarbeit \u00fcber alle Schulformen in Vallstedt und Vechelde und wollen dies in einen passenden Unterbau im Nachwuchsbereich umsetzen. Nat\u00fcrlich soll die Bildung der neuen Spielgemeinschaft auch zu einer Steigerung der Attraktivit\u00e4t unserer Standorte f\u00fcr neue Spielerinnen und Spieler f\u00fchren und so zu einer weiteren St\u00e4rkung f\u00fcr den Volleyball in der Region beitragen. <\/p>\n\n\n\n<p>Die beiden eigentlichen Abteilungen in den Stammvereinen bleiben auch k\u00fcnftig selbst\u00e4ndig erhalten, unsere Mannschaften jedoch werden einheitlich unter dem Namen &#8220;VV Vikings&#8221; antreten, der aus der Abstimmung \u00fcber verschiedene, von den Spielerinnen und Spielern eingebrachte Vorschl\u00e4ge unter den Mitgliedern beider Abteilungen als Gewinner hervorgegangen ist. Ein passendes Logo ist bereits in Arbeit und wird in den kommenden Wochen der interessierten \u00d6ffentlichkeit vorgestellt. <\/p>\n\n\n\n<p>Auch hinsichtlich der Au\u00dfendarstellung gehen wir mit einer neuen Homepage und passenden Auftritten in den sozialen Netzwerken in Zukunft gemeinsame Wege. Weitere Infos folgen in den kommenden Wochen.<br> <br>Die Volleyballvorst\u00e4nde von GW und MTV. <\/p>\n","protected":false},"excerpt":{"rendered":"Weitere Mitspieler\/-innen gesucht. &#8211; Werde auch du zum Wikinger !!! Wir planen in [&hellip;]","protected":false},"author":1,"featured_media":0,"parent":0,"menu_order":0,"comment_status":"closed","ping_status":"closed","template":"template-front-page.php","meta":{"_mc_calendar":[],"footnotes":""},"class_list":["post-69","page","type-page","status-publish","hentry"],"_links":{"self":[{"href":"https:\/\/www.vv-vikings.de\/index.php?rest_route=\/wp\/v2\/pages\/69","targetHints":{"allow":["GET"]}}],"collection":[{"href":"https:\/\/www.vv-vikings.de\/index.php?rest_route=\/wp\/v2\/pages"}],"about":[{"href":"https:\/\/www.vv-vikings.de\/index.php?rest_route=\/wp\/v2\/types\/page"}],"author":[{"embeddable":true,"href":"https:\/\/www.vv-vikings.de\/index.php?rest_route=\/wp\/v2\/users\/1"}],"replies":[{"embeddable":true,"href":"https:\/\/www.vv-vikings.de\/index.php?rest_route=%2Fwp%2Fv2%2Fcomments&post=69"}],"version-history":[{"count":2,"href":"https:\/\/www.vv-vikings.de\/index.php?rest_route=\/wp\/v2\/pages\/69\/revisions"}],"predecessor-version":[{"id":83,"href":"https:\/\/www.vv-vikings.de\/index.php?rest_route=\/wp\/v2\/pages\/69\/revisions\/83"}],"wp:attachment":[{"href":"https:\/\/www.vv-vikings.de\/index.php?rest_route=%2Fwp%2Fv2%2Fmedia&parent=69"}],"curies":[{"name":"wp","href":"https:\/\/api.w.org\/{rel}","templated":true}]}}