{"id":301,"date":"2019-04-22T18:21:48","date_gmt":"2019-04-22T16:21:48","guid":{"rendered":"http:\/\/vv-vikings.mtv-vechelde.de\/?page_id=301"},"modified":"2019-05-16T16:13:54","modified_gmt":"2019-05-16T14:13:54","slug":"mitgliedschaft","status":"publish","type":"page","link":"https:\/\/www.vv-vikings.de\/?page_id=301","title":{"rendered":"Mitgliedschaft"},"content":{"rendered":"\n<h2 class=\"wp-block-heading\">Mitglied werden<\/h2>\n\n\n\n<p>Bei den Vallstedt Vechelde Vikings handelt es sich um eine Spielgemeinschaft der Volleyballabteilungen des SV Gr\u00fcn-Wei\u00df Vallstedt und MTV Vechelde. Um Mitglied bei den VV Vikings zu werden, musst du in einen der Stammvereine eintreten. Je nachdem, ob dein Wohnsitz n\u00e4her an Vallstedt oder Vechelde liegt, bitten wir dich in den n\u00e4herliegenden Stammverein einzutreten. F\u00fcr dich entstehen keinerlei Nachteile, ob du Mitglied in Vallstedt oder Vechelde bist, denn wir sind eine Gemeinschaft!<\/p>\n\n\n\n<p><\/p>\n","protected":false},"excerpt":{"rendered":"Mitglied werden Bei den Vallstedt Vechelde Vikings handelt es sich um eine Spielgemeinschaft [&hellip;]","protected":false},"author":1,"featured_media":0,"parent":0,"menu_order":0,"comment_status":"closed","ping_status":"closed","template":"template-with-header.php","meta":{"_mc_calendar":[],"footnotes":""},"class_list":["post-301","page","type-page","status-publish","hentry"],"_links":{"self":[{"href":"https:\/\/www.vv-vikings.de\/index.php?rest_route=\/wp\/v2\/pages\/301","targetHints":{"allow":["GET"]}}],"collection":[{"href":"https:\/\/www.vv-vikings.de\/index.php?rest_route=\/wp\/v2\/pages"}],"about":[{"href":"https:\/\/www.vv-vikings.de\/index.php?rest_route=\/wp\/v2\/types\/page"}],"author":[{"embeddable":true,"href":"https:\/\/www.vv-vikings.de\/index.php?rest_route=\/wp\/v2\/users\/1"}],"replies":[{"embeddable":true,"href":"https:\/\/www.vv-vikings.de\/index.php?rest_route=%2Fwp%2Fv2%2Fcomments&post=301"}],"version-history":[{"count":12,"href":"https:\/\/www.vv-vikings.de\/index.php?rest_route=\/wp\/v2\/pages\/301\/revisions"}],"predecessor-version":[{"id":924,"href":"https:\/\/www.vv-vikings.de\/index.php?rest_route=\/wp\/v2\/pages\/301\/revisions\/924"}],"wp:attachment":[{"href":"https:\/\/www.vv-vikings.de\/index.php?rest_route=%2Fwp%2Fv2%2Fmedia&parent=301"}],"curies":[{"name":"wp","href":"https:\/\/api.w.org\/{rel}","templated":true}]}}